{"id":2,"date":"2016-02-27T11:58:01","date_gmt":"2016-02-27T10:58:01","guid":{"rendered":"http:\/\/lecercledelarevelation.fr\/?page_id=2"},"modified":"2024-05-01T18:15:40","modified_gmt":"2024-05-01T17:15:40","slug":"page-d-exemple","status":"publish","type":"page","link":"https:\/\/lecercledelarevelation.fr\/","title":{"rendered":"Le cercle de la R\u00e9v\u00e9lation"},"content":{"rendered":"<p><img loading=\"lazy\" decoding=\"async\" class=\" wp-image-11 aligncenter\" src=\"http:\/\/lecercledelarevelation.fr\/wp-content\/uploads\/2016\/02\/ARACCH3B-2.jpg\" alt=\"Chandelier\" width=\"256\" height=\"386\" srcset=\"https:\/\/lecercledelarevelation.fr\/wp-content\/uploads\/2016\/02\/ARACCH3B-2.jpg 187w, https:\/\/lecercledelarevelation.fr\/wp-content\/uploads\/2016\/02\/ARACCH3B-2-133x200.jpg 133w\" sizes=\"auto, (max-width: 256px) 100vw, 256px\" \/><\/p>\n<p><strong>Le chandelier \u00e0 trois branches symbolise le cercle de la R\u00e9v\u00e9lation.<\/strong><\/p>\n<p><strong>Il est la Lumi\u00e8re re\u00e7ue, v\u00e9cue, et transmise.<\/strong><\/p>\n<p><strong>Il est l&rsquo;image de la Sainte Trinit\u00e9.<\/strong><\/p>\n<p><strong>Il est le symbole de la vie spirituelle, sur la terre : le p\u00e8re la m\u00e8re et l&rsquo;enfant, et dans le ciel : le soleil la terre et la lune.\u00a0<\/strong><\/p>\n<p><strong>Ces trois lumi\u00e8res symbolisent la Vie au coeur de l&rsquo;homme.<\/strong><\/p>\n<p><strong>L&rsquo; homme parvenu au coeur de lui-m\u00eame re\u00e7oit la gr\u00e2ce de l&rsquo;Esprit Saint, qui enfante en lui de la vie pour le monde qui l&rsquo;entoure. Au coeur de l&rsquo; Homme, la m\u00e8re et le p\u00e8re, ces qualit\u00e9s de l&rsquo; \u00eatre, ne font plus qu&rsquo;un.<\/strong><\/p>\n<p><strong>En cet instant, tout se passe sur la terre comme au ciel.<\/strong><\/p>\n<blockquote><p><strong>Amen, amen, je vous le dis : celui qui croit en moi accomplira les m\u00eames oeuvres que moi. Il en accomplira m\u00eame de plus grandes, puisque je pars vers le P\u00e8re.<\/strong><\/p><\/blockquote>\n<p><strong>\u00a0\u00a0\u00a0\u00a0\u00a0\u00a0\u00a0\u00a0\u00a0\u00a0\u00a0\u00a0\u00a0\u00a0\u00a0\u00a0\u00a0\u00a0\u00a0\u00a0\u00a0\u00a0\u00a0\u00a0\u00a0\u00a0\u00a0\u00a0\u00a0\u00a0\u00a0\u00a0\u00a0\u00a0\u00a0\u00a0\u00a0\u00a0\u00a0\u00a0\u00a0\u00a0\u00a0\u00a0\u00a0\u00a0\u00a0\u00a0\u00a0\u00a0\u00a0\u00a0\u00a0\u00a0\u00a0\u00a0\u00a0\u00a0<\/strong><strong>Paroles du Christ \u00a0Evangile de Jean<\/strong><\/p>\n<p>&nbsp;<\/p>\n<p><strong>Le coeur est le point qui d\u00e9finit le cercle ; il est le centre ontologique g\u00e9n\u00e9rateur et cr\u00e9ateur, \u00e0 partir duquel rayonnent la Sagesse et l&rsquo;Amour de Dieu, au coeur des vivants en christ, pour l&rsquo;humanit\u00e9 toute enti\u00e8re.<\/strong><\/p>\n<p><strong>Tel est le sens du cercle de la R\u00e9v\u00e9lation.<\/strong><\/p>\n<p><strong>Le cercle de la R\u00e9v\u00e9lation se propose d&rsquo;agir, dans un monde de plus en plus r\u00e9actionnel (et non pas r\u00e9actif), o\u00f9 les ressentiments et les jugements sont la quotidiennet\u00e9 de la vie existentielle du XXI\u00e8me si\u00e8cle.<\/strong><\/p>\n<p><strong style=\"line-height: 2.4;\">Pour parvenir \u00e0 cet \u00e9tat de conscience, il nous est apparu n\u00e9cessaire d&rsquo;\u00e9voquer les vertus cardinales et th\u00e9ologales de Sagesse et d&rsquo;Amour, oubli\u00e9es au fil du temps par les \u00eatres humains, qui de ce fait se comportent de plus en plus en \u00ab\u00a0animaux priv\u00e9s de raison\u00a0\u00bb, comme l&rsquo; \u00e9crit Ma\u00eetre Eckhart. Elles ont pour objectif de permettre \u00e0 l&rsquo;homme de retourner au coeur de lui-m\u00eame pour cr\u00e9er de la vie dans ce monde, afin qu&rsquo;il soit v\u00e9ritablement meilleur.\u00a0<\/strong><\/p>\n<blockquote><p><strong>Il n&rsquo;y a pas de bien ni de mal, il n&rsquo;y a que le bien et le mal que nos pens\u00e9es et nos actes engendrent. Nous sommes responsables de nos vies comme l&rsquo;architecte l&rsquo;intention, et le ma\u00e7on l&rsquo;acte, r\u00e9pondent de la qualit\u00e9 d&rsquo;une maison&#8230; \u00a0<\/strong><\/p><\/blockquote>\n<p><strong>\u00a0\u00a0\u00a0\u00a0\u00a0\u00a0\u00a0\u00a0\u00a0\u00a0\u00a0\u00a0\u00a0\u00a0\u00a0\u00a0\u00a0\u00a0\u00a0\u00a0\u00a0\u00a0\u00a0\u00a0\u00a0\u00a0\u00a0\u00a0\u00a0\u00a0Matthieu Ricard \u00a0\u00ab\u00a0Le moine et le philosophe\u00a0\u00bb \u00a0 \u00a0 \u00a0 \u00a0 \u00a0 \u00a0 \u00a0 \u00a0 \u00a0 \u00a0 \u00a0 \u00a0 \u00a0 \u00a0 \u00a0\u00a0<\/strong><\/p>\n<p><strong>Les \u00e9critures (et non les \u00e9crits) sont la confiture tant\u00f4t douce, tant\u00f4t am\u00e8re des mots qui sont les fruits de la Parole de l&rsquo;Esprit.<\/strong><\/p>\n<p><strong>Elles sont le \u00ab\u00a0langage des Oiseaux\u00a0\u00bb : des \u00eatres int\u00e9rieurs qui se sentent pousser les ailes de la Saintet\u00e9 \u00e0 son \u00e9coute, sa vision, sa compr\u00e9hension, non pas intellectuelle, mais spirituelle, c&rsquo;est-\u00e0-dire t\u00e9moign\u00e9e, v\u00e9cue et partag\u00e9e.<\/strong><\/p>\n<p><strong>Au bonheur de se rencontrer pour se vivre et se partager&#8230;<\/strong><\/p>\n<p>&nbsp;<\/p>\n<p>&nbsp;<\/p>\n","protected":false},"excerpt":{"rendered":"<p>Le chandelier \u00e0 trois branches symbolise le cercle de la R\u00e9v\u00e9lation. Il est la Lumi\u00e8re re\u00e7ue, v\u00e9cue, et transmise. Il est l&rsquo;image de la Sainte Trinit\u00e9. Il est le symbole de la vie spirituelle, sur la terre : le p\u00e8re la m\u00e8re et l&rsquo;enfant, et dans le ciel : le soleil la terre et la&hellip;<\/p>\n","protected":false},"author":3,"featured_media":0,"parent":0,"menu_order":0,"comment_status":"closed","ping_status":"open","template":"","meta":{"footnotes":""},"class_list":["post-2","page","type-page","status-publish","hentry"],"_links":{"self":[{"href":"https:\/\/lecercledelarevelation.fr\/index.php\/wp-json\/wp\/v2\/pages\/2","targetHints":{"allow":["GET"]}}],"collection":[{"href":"https:\/\/lecercledelarevelation.fr\/index.php\/wp-json\/wp\/v2\/pages"}],"about":[{"href":"https:\/\/lecercledelarevelation.fr\/index.php\/wp-json\/wp\/v2\/types\/page"}],"author":[{"embeddable":true,"href":"https:\/\/lecercledelarevelation.fr\/index.php\/wp-json\/wp\/v2\/users\/3"}],"replies":[{"embeddable":true,"href":"https:\/\/lecercledelarevelation.fr\/index.php\/wp-json\/wp\/v2\/comments?post=2"}],"version-history":[{"count":28,"href":"https:\/\/lecercledelarevelation.fr\/index.php\/wp-json\/wp\/v2\/pages\/2\/revisions"}],"predecessor-version":[{"id":177,"href":"https:\/\/lecercledelarevelation.fr\/index.php\/wp-json\/wp\/v2\/pages\/2\/revisions\/177"}],"wp:attachment":[{"href":"https:\/\/lecercledelarevelation.fr\/index.php\/wp-json\/wp\/v2\/media?parent=2"}],"curies":[{"name":"wp","href":"https:\/\/api.w.org\/{rel}","templated":true}]}}