{"id":738,"date":"2024-05-01T21:22:29","date_gmt":"2024-05-01T20:22:29","guid":{"rendered":"https:\/\/lecercledelarevelation.fr\/?page_id=738"},"modified":"2026-03-12T12:46:22","modified_gmt":"2026-03-12T11:46:22","slug":"seminaires","status":"publish","type":"page","link":"https:\/\/lecercledelarevelation.fr\/index.php\/seminaires\/","title":{"rendered":"S\u00e9minaires"},"content":{"rendered":"\n<h1 class=\"wp-block-heading\">Pour une m\u00e9decine de la v\u00e9rit\u00e9<\/h1>\n\n\n\n<h2 class=\"wp-block-heading\">Par le passage du plan humain au plan divin<\/h2>\n\n\n\n<p>S\u00e9minaires anim\u00e9s par le <strong>Docteur Michel Laclaverie<\/strong>, \u00e0 <strong>Tan\u00e9 (32700)<\/strong>, autour du th\u00e8me :<\/p>\n\n\n\n<blockquote class=\"wp-block-quote is-layout-flow wp-block-quote-is-layout-flow\">\n<p><strong>\u00ab Pour une m\u00e9decine de la v\u00e9rit\u00e9, par le passage du plan humain au plan divin \u00bb<\/strong><\/p>\n<\/blockquote>\n\n\n\n<hr class=\"wp-block-separator has-alpha-channel-opacity\"\/>\n\n\n\n<h2 class=\"wp-block-heading\">Informations<\/h2>\n\n\n\n<p><strong>Intervenant :<\/strong> Docteur Michel Laclaverie<br><strong>Lieu :<\/strong> Tan\u00e9 (Gers)<\/p>\n\n\n\n<p><strong>Rediffusions YouTube :<\/strong> <a href=\"#\">Voir les vid\u00e9os<\/a><br><strong>Sch\u00e9mas pr\u00e9sent\u00e9s :<\/strong> <a href=\"https:\/\/lecercledelarevelation.fr\/wp-content\/uploads\/2025\/06\/Schemas_Seminaire.zip\" data-type=\"attachment\" data-id=\"859\">Acc\u00e9der aux sch\u00e9mas<br><\/a><strong>Textes des s\u00e9minaires :<\/strong> <a href=\"https:\/\/lecercledelarevelation.fr\/wp-content\/uploads\/2026\/03\/Textes_Seminaire.zip\" data-type=\"attachment\" data-id=\"873\">Textes des s\u00e9minaires<\/a><\/p>\n\n\n\n<hr class=\"wp-block-separator has-alpha-channel-opacity\"\/>\n\n\n\n<h2 class=\"wp-block-heading\">R\u00e9capitulatif des s\u00e9minaires<\/h2>\n\n\n\n<h3 class=\"wp-block-heading\">Premier s\u00e9minaire \u2014 18\/19 septembre 2021<\/h3>\n\n\n\n<p><strong>\u00ab Va vers toi\u2026 \u00bb<\/strong> \u2014 de Dieu \u00e0 Abraham.<br>Le Peuple \u00c9lu ou l\u2019entr\u00e9e dans le <em>\u00ab Cercle de la R\u00e9v\u00e9lation \u00bb<\/em> : le Point de rencontre.<\/p>\n\n\n\n<h3 class=\"wp-block-heading\">Deuxi\u00e8me s\u00e9minaire \u2014 22\/23 janvier 2022<\/h3>\n\n\n\n<p>Le passage du <strong>Sensible<\/strong> (le besoin de mourir) au <strong>Royaume de l\u2019Intelligible<\/strong> (l\u2019absolue n\u00e9cessit\u00e9 de vivre).<br>No\u00e9 (les eaux du D\u00e9luge) \u2014 Mo\u00efse (les eaux d\u2019En haut).<\/p>\n\n\n\n<h3 class=\"wp-block-heading\">Troisi\u00e8me s\u00e9minaire \u2014 07\/08 mai 2022<\/h3>\n\n\n\n<p><strong>\u00ab La Femme est l\u2019Avenir de l\u2019Homme \u00bb<\/strong><br>Le parfait myst\u00e8re de l\u2019Incarnation \u2014 la Sainte Famille.<\/p>\n\n\n\n<h3 class=\"wp-block-heading\">Quatri\u00e8me s\u00e9minaire \u2014 08\/09 octobre 2022<\/h3>\n\n\n\n<p><strong>\u00ab Cheminer avec l\u2019Ange\u2026 \u00bb<\/strong> \u2014 l\u2019\u00c9chelle de Jacob.<br>Ang\u00e9lologie et d\u00e9monologie :<br>les enfants de l\u2019Homme (<em>l\u2019Avoir<\/em>) et les <em>Enfants de Dieu<\/em> (<em>l\u2019\u00catre<\/em>).<\/p>\n\n\n\n<h3 class=\"wp-block-heading\">Cinqui\u00e8me s\u00e9minaire \u2014 25\/26 mars 2023<\/h3>\n\n\n\n<p><strong>\u00ab La Voie sacr\u00e9e de la Parole vivante \u00bb<\/strong><br>Le <em>Monos<\/em> (le Sacr\u00e9 = l\u2019Unit\u00e9) et le <em>Diabolos<\/em> (le sacrifice = la dualit\u00e9).<\/p>\n\n\n\n<h3 class=\"wp-block-heading\">Sixi\u00e8me s\u00e9minaire \u2014 02\/03 juillet 2023<\/h3>\n\n\n\n<p><strong>\u00ab Pour un retour \u00e0 la Culture et \u00e0 la Tradition \u00bb<\/strong><br>Face \u00e0 la crise du monde moderne :<br>la science profane (<em>les mots : la Loi<\/em>) et la science sacr\u00e9e (<em>la Parole : la Foi<\/em>).<\/p>\n\n\n\n<h3 class=\"wp-block-heading\">Septi\u00e8me s\u00e9minaire \u2014 30 septembre \/ 1er octobre 2023<\/h3>\n\n\n\n<p><strong>\u00ab Le jour du Shabbat \u00bb<\/strong> \u2014 ou la perfection de l\u2019Homme.<\/p>\n\n\n\n<h3 class=\"wp-block-heading\">Huiti\u00e8me s\u00e9minaire \u2014 09\/10 d\u00e9cembre 2023<\/h3>\n\n\n\n<p><strong>\u00ab Le Grand \u0152uvre alchimique \u00bb<\/strong><br>La sublimation de l\u2019\u00catre \u2014 la Nouvelle J\u00e9rusalem.<\/p>\n\n\n\n<h3 class=\"wp-block-heading\">Neuvi\u00e8me s\u00e9minaire \u2014 09\/10 mars 2024<\/h3>\n\n\n\n<p><strong>\u00ab L\u2019Homme du d\u00e9sir \u00bb<\/strong><br>ou la culture du bonheur d\u2019aimer.<\/p>\n","protected":false},"excerpt":{"rendered":"<p>Pour une m\u00e9decine de la v\u00e9rit\u00e9 Par le passage du plan humain au plan divin S\u00e9minaires anim\u00e9s par le Docteur Michel Laclaverie, \u00e0 Tan\u00e9 (32700), autour du th\u00e8me : \u00ab Pour une m\u00e9decine de la v\u00e9rit\u00e9, par le passage du plan humain au plan divin \u00bb Informations Intervenant : Docteur Michel LaclaverieLieu : Tan\u00e9 (Gers)&hellip;<\/p>\n","protected":false},"author":5,"featured_media":0,"parent":0,"menu_order":0,"comment_status":"open","ping_status":"closed","template":"","meta":{"footnotes":""},"class_list":["post-738","page","type-page","status-publish","hentry"],"_links":{"self":[{"href":"https:\/\/lecercledelarevelation.fr\/index.php\/wp-json\/wp\/v2\/pages\/738","targetHints":{"allow":["GET"]}}],"collection":[{"href":"https:\/\/lecercledelarevelation.fr\/index.php\/wp-json\/wp\/v2\/pages"}],"about":[{"href":"https:\/\/lecercledelarevelation.fr\/index.php\/wp-json\/wp\/v2\/types\/page"}],"author":[{"embeddable":true,"href":"https:\/\/lecercledelarevelation.fr\/index.php\/wp-json\/wp\/v2\/users\/5"}],"replies":[{"embeddable":true,"href":"https:\/\/lecercledelarevelation.fr\/index.php\/wp-json\/wp\/v2\/comments?post=738"}],"version-history":[{"count":46,"href":"https:\/\/lecercledelarevelation.fr\/index.php\/wp-json\/wp\/v2\/pages\/738\/revisions"}],"predecessor-version":[{"id":874,"href":"https:\/\/lecercledelarevelation.fr\/index.php\/wp-json\/wp\/v2\/pages\/738\/revisions\/874"}],"wp:attachment":[{"href":"https:\/\/lecercledelarevelation.fr\/index.php\/wp-json\/wp\/v2\/media?parent=738"}],"curies":[{"name":"wp","href":"https:\/\/api.w.org\/{rel}","templated":true}]}}